{"id":9097,"date":"2023-09-04T13:45:37","date_gmt":"2023-09-04T16:45:37","guid":{"rendered":"https:\/\/www.casaignacio.com.ar\/site\/?page_id=9097"},"modified":"2023-09-14T11:52:26","modified_gmt":"2023-09-14T14:52:26","slug":"caba","status":"publish","type":"page","link":"https:\/\/www.casaignacio.com.ar\/site\/caba\/","title":{"rendered":"CABA"},"content":{"rendered":"<div class=\"wpb-content-wrapper\"><p>[vc_row full_width=&#8221;stretch_row&#8221;][vc_column css=&#8221;.vc_custom_1516095665984{padding-right: 0px !important;padding-left: 0px !important;}&#8221;][vc_empty_space height=&#8221;110px&#8221;][vc_row_inner css=&#8221;.vc_custom_1511348417220{padding-top: 100px !important;padding-bottom: 100px !important;}&#8221;][vc_column_inner width=&#8221;1\/2&#8243; css=&#8221;.vc_custom_1522244791629{padding-left: 15px !important;}&#8221; offset=&#8221;vc_col-lg-6 vc_col-md-12&#8243;][vc_single_image image=&#8221;9306&#8243; img_size=&#8221;full&#8221;][\/vc_column_inner][vc_column_inner width=&#8221;1\/2&#8243; css=&#8221;.vc_custom_1522244799532{padding-right: 15px !important;padding-left: 80px !important;}&#8221; offset=&#8221;vc_col-lg-6 vc_col-md-12&#8243;]<header class=\"kd-section-title col-lg-12 text-left solid-line sep-border-width-2    \" ><h2 class=\"separator_on\" >Entr\u00e1 en contacto<\/h2><div class=\"kd-separator below_title\" ><div class=\"kd-separator-line\" ><\/div><\/div><h6 class=\"subtitle \" >Brindamos soluciones en copiado de libros contables, r\u00fabricas de libros, constituci\u00f3n de sociedades, encuadernaci\u00f3n, seguros y software de gesti\u00f3n administrativa ERP<\/h6><\/header>[vc_empty_space height=&#8221;20px&#8221;]<div class=\"wpforms-container wpforms-container-full wpforms-form-abandonment\" id=\"wpforms-8584\"><form id=\"wpforms-form-8584\" class=\"wpforms-validate wpforms-form wpforms-ajax-form\" data-formid=\"8584\" method=\"post\" enctype=\"multipart\/form-data\" action=\"\/site\/wp-json\/wp\/v2\/pages\/9097\" data-token=\"cd7fd1f7d38269c2ebadae5878b7a94a\"><noscript class=\"wpforms-error-noscript\">Por favor, activa JavaScript en tu navegador para completar este formulario.<\/noscript><div class=\"wpforms-field-container\"><div id=\"wpforms-8584-field_20-container\" class=\"wpforms-field wpforms-field-hidden\" data-field-id=\"20\"><input type=\"hidden\" id=\"wpforms-8584-field_20\" name=\"wpforms[fields][20]\" value=\"https:\/\/www.casaignacio.com.ar\/site\/site\/wp-json\/wp\/v2\/pages\/9097\"><\/div><div id=\"wpforms-8584-field_2-container\" class=\"wpforms-field wpforms-field-text\" data-field-id=\"2\"><label class=\"wpforms-field-label wpforms-label-hide\" for=\"wpforms-8584-field_2\">Nombre <span class=\"wpforms-required-label\">*<\/span><\/label><input type=\"text\" id=\"wpforms-8584-field_2\" class=\"wpforms-field-large wpforms-field-required\" name=\"wpforms[fields][2]\" placeholder=\"Tu nombre\" required><\/div><div id=\"wpforms-8584-field_10-container\" class=\"wpforms-field wpforms-field-email\" data-field-id=\"10\"><label class=\"wpforms-field-label wpforms-label-hide\" for=\"wpforms-8584-field_10\">E-mail <span class=\"wpforms-required-label\">*<\/span><\/label><input type=\"email\" id=\"wpforms-8584-field_10\" class=\"wpforms-field-large wpforms-field-required\" name=\"wpforms[fields][10]\" placeholder=\"Tu e-mail\" required><\/div><div id=\"wpforms-8584-field_27-container\" class=\"wpforms-field wpforms-field-text\" data-field-id=\"27\"><label class=\"wpforms-field-label wpforms-label-hide\" for=\"wpforms-8584-field_27\">Tu celular o tel\u00e9fono (copia) <span class=\"wpforms-required-label\">*<\/span><\/label><input type=\"text\" id=\"wpforms-8584-field_27\" class=\"wpforms-field-large wpforms-field-required wpforms-masked-input\" data-inputmask-mask=\"([9{3}]) [9{4}] - [9{4}]\" data-rule-empty-blanks=\"1\" name=\"wpforms[fields][27]\" placeholder=\"Celular o tel\u00e9fono\" required><\/div><div id=\"wpforms-8584-field_29-container\" class=\"wpforms-field wpforms-field-select wpforms-conditional-trigger wpforms-field-select-style-classic\" data-field-id=\"29\"><label class=\"wpforms-field-label wpforms-label-hide\" for=\"wpforms-8584-field_29\">Te gustar\u00eda recibir informaci\u00f3n\/cotizaci\u00f3n de: <span class=\"wpforms-required-label\">*<\/span><\/label><select id=\"wpforms-8584-field_29\" class=\"wpforms-field-large wpforms-field-required\" name=\"wpforms[fields][29]\" required=\"required\"><option value=\"\" class=\"placeholder\" disabled  selected='selected'>Qu\u00e9res informaci\u00f3n de:<\/option><option value=\"Copiado diecto\" >Copiado diecto<\/option><option value=\"Sociedades\" >Sociedades<\/option><option value=\"R\u00fabricas\" >R\u00fabricas<\/option><option value=\"Encuadernaci\u00f3n\" >Encuadernaci\u00f3n<\/option><option value=\"Sistema ERP\" >Sistema ERP<\/option><option value=\"Seguros\" >Seguros<\/option><option value=\"Otros\" >Otros<\/option><\/select><\/div><div id=\"wpforms-8584-field_18-container\" class=\"wpforms-field wpforms-field-text wpforms-conditional-field wpforms-conditional-show\" data-field-id=\"18\" style=\"display:none;\"><label class=\"wpforms-field-label\" for=\"wpforms-8584-field_18\">\u00bfCu\u00e1l\/es otro\/s?<\/label><input type=\"text\" id=\"wpforms-8584-field_18\" class=\"wpforms-field-large\" name=\"wpforms[fields][18]\" ><\/div><div id=\"wpforms-8584-field_28-container\" class=\"wpforms-field wpforms-field-textarea\" data-field-id=\"28\"><label class=\"wpforms-field-label wpforms-label-hide\" for=\"wpforms-8584-field_28\">Tu mensaje<\/label><textarea id=\"wpforms-8584-field_28\" class=\"wpforms-field-medium\" name=\"wpforms[fields][28]\" placeholder=\"Tu mensaje\" ><\/textarea><\/div><\/div><div class=\"wpforms-submit-container\"><input type=\"hidden\" name=\"wpforms[id]\" value=\"8584\"><input type=\"hidden\" name=\"wpforms[author]\" value=\"96739692\"><button type=\"submit\" name=\"wpforms[submit]\" id=\"wpforms-submit-8584\" class=\"wpforms-submit\" data-alt-text=\"Enviando...\" data-submit-text=\"Enviar\" aria-live=\"assertive\" value=\"wpforms-submit\">Enviar<\/button><img loading=\"lazy\" decoding=\"async\" src=\"https:\/\/www.casaignacio.com.ar\/site\/wp-content\/plugins\/wpforms\/assets\/images\/submit-spin.svg\" class=\"wpforms-submit-spinner\" style=\"display: none;\" width=\"26\" height=\"26\" alt=\"\"><\/div><\/form><\/div>  <!-- .wpforms-container -->[\/vc_column_inner][\/vc_row_inner][\/vc_column][\/vc_row][vc_row full_width=&#8221;stretch_row_content_no_spaces&#8221; css=&#8221;.vc_custom_1512991305432{margin-bottom: -40px !important;}&#8221;][vc_column]<script>\r\n\r\n                    function initKdMap_kd69fc88ce308ef() {\r\n                      var map_kd69fc88ce308ef;\r\n        \t\t\t\t\t\t\tvar gmap_location_kd69fc88ce308ef = new google.maps.LatLng(-34.5452437, -58.4740216);\r\n        \t\t\t\t\t\t\tvar GMAP_MODULE_kd69fc88ce308ef = \"customMap\";\r\n      \t\t\t\t\t\t\t\tvar featureOpts = [\r\n      \t\t\t\t\t\t\t\t\t\t\t{\r\n      \t\t\t\t\t\t\t\t\t\t\t  stylers: [\r\n      \t\t\t\t\t\t\t\t\t\t\t\t{ \"visibility\": \"on\" },\r\n      \t\t\t\t\t\t\t\t\t\t\t\t{ \"weight\": 1 },\r\n      \t\t\t\t\t\t\t\t\t\t\t\t{ \"saturation\": -100 },\r\n      \t\t\t\t\t\t\t\t\t\t\t\t{ \"lightness\": 2.2 },\r\n      \t\t\t\t\t\t\t\t\t\t\t\t{ \"gamma\": 2.2 }\r\n      \t\t\t\t\t\t\t\t\t\t\t  ]\r\n      \t\t\t\t\t\t\t\t\t\t\t}, {\r\n                                featureType: \"poi\",\r\n                                stylers: [\r\n                                  { visibility: \"off\" }\r\n                                ]\r\n                            }\r\n      \t\t\t\t\t\t\t\t\t\t];\r\n      \t\t\t\t\t\t\t\tvar mapOptions = {\r\n      \t\t\t\t\t\t\t\t\tzoom: 17,\r\n      \t\t\t\t\t\t\t\t\tcenter: gmap_location_kd69fc88ce308ef,\r\n                        scrollwheel: false,\r\n      \t\t\t\t\t\t\t\t\tmapTypeControlOptions: {\r\n      \t\t\t\t\t\t\t\t\t\tmapTypeIds: [google.maps.MapTypeId.ROADMAP, GMAP_MODULE_kd69fc88ce308ef]\r\n      \t\t\t\t\t\t\t\t\t},\r\n      \t\t\t\t\t\t\t\t\tmapTypeId: GMAP_MODULE_kd69fc88ce308ef\r\n      \t\t\t\t\t\t\t\t};\r\n      \t\t\t\t\t\t\t\tmap_kd69fc88ce308ef = new google.maps.Map(document.getElementById(\"kd69fc88ce308ef\"), mapOptions);\r\n      \t\t\t\t\t\t\t\tmarker_kd69fc88ce308ef = new google.maps.Marker({\r\n      \t\t\t\t\t\t\t\t\tmap: map_kd69fc88ce308ef,\r\n      \t\t\t\t\t\t\t\t\tdraggable: false,\r\n      \t\t\t\t\t\t\t\t\tanimation: google.maps.Animation.DROP,\r\n      \t\t\t\t\t\t\t\t\tposition: gmap_location_kd69fc88ce308ef,\r\n      \t\t\t\t\t\t\t\t\ticon: \"https:\/\/www.casaignacio.com.ar\/site\/wp-content\/uploads\/2023\/09\/map-marker-1.png\"\r\n      \t\t\t\t\t\t\t\t  });\r\n      \t\t\t\t\t\t\t\tgoogle.maps.event.addListener(marker_kd69fc88ce308ef, \"click\", function() {\r\n      \t\t\t\t\t\t\t\t\tif (marker_kd69fc88ce308ef.getAnimation() != null) {\r\n      \t\t\t\t\t\t\t\t\t\tmarker_kd69fc88ce308ef.setAnimation(null);\r\n      \t\t\t\t\t\t\t\t\t} else {\r\n      \t\t\t\t\t\t\t\t\t\tmarker_kd69fc88ce308ef.setAnimation(google.maps.Animation.BOUNCE);\r\n      \t\t\t\t\t\t\t\t\t}\r\n      \t\t\t\t\t\t\t\t});\r\n      \t\t\t\t\t\t\t\tvar styledMapOptions = {\r\n      \t\t\t\t\t\t\t\t\tname: \"Casa Ignacio - Librer\u00eda Comercial - CABA\"\r\n      \t\t\t\t\t\t\t\t};\r\n      \t\t\t\t\t\t\t\tvar customMapType_kd69fc88ce308ef = new google.maps.StyledMapType(featureOpts, styledMapOptions);\r\n      \t\t\t\t\t\t\t\tmap_kd69fc88ce308ef.mapTypes.set(GMAP_MODULE_kd69fc88ce308ef, customMapType_kd69fc88ce308ef);\r\n                      }\r\n                      jQuery(window).on(\"load\", function() {\r\n                        initKdMap_kd69fc88ce308ef();\r\n                      });\r\n      \t\t\t\t\t\t<\/script><div class=\"contact-map-container left_info_panel\" style=\"height: 500px;\"><div class=\"business-info-wrapper\">\r\n                        <div class=\"business-info-header\"><h4>Datos de contacto<\/h4><address><span class=\"business-address-row\"><i class=\"fa iconsmind-Map-Marker2\"><\/i><span class=\"address-overflow\">Ruiz Huidobro 2605 Piso 2 Of D - C1429DNQ CABA<\/span><\/span><span class=\"business-phone-row\"><i class=\"fa iconsmind-Telephone\"><\/i>(11)3209-7061<\/span><span class=\"business-email-row\"><i class=\"fa iconsmind-Mail\"><\/i><a href=\"mailto:info@casaignacio.com.ar\">info@casaignacio.com.ar<\/a><\/span><\/address>\r\n                        <\/div>\r\n                        <div class=\"business-info-schedule\">\r\n                            <h4>Horario de atenci\u00f3n<\/h4><div class=\"business-info-day\"><span class=\"business-info-day-name\">Lunes a Viernes<\/span><span class=\"business-info-day-hours\">09:00 a 13:00<\/span><\/div><div class=\"business-info-day\"><span class=\"business-info-day-name\">Lunes a Viernes<\/span><span class=\"business-info-day-hours\">14:00 a 18:00<\/span><\/div><\/div>\r\n                    <\/div><div id=\"kd69fc88ce308ef\" class=\"kd_map\" style=\"height: 500px;\"><\/div>\r\n\r\n            <\/div>[\/vc_column][\/vc_row]<\/p>\n<\/div>","protected":false},"excerpt":{"rendered":"<p>[vc_row full_width=&#8221;stretch_row&#8221;][vc_column css=&#8221;.vc_custom_1516095665984{padding-right: 0px !important;padding-left: 0px !important;}&#8221;][vc_empty_space height=&#8221;110px&#8221;][vc_row_inner css=&#8221;.vc_custom_1511348417220{padding-top: 100px !important;padding-bottom: 100px !important;}&#8221;][vc_column_inner width=&#8221;1\/2&#8243; css=&#8221;.vc_custom_1522244791629{padding-left: 15px !important;}&#8221; offset=&#8221;vc_col-lg-6 vc_col-md-12&#8243;][vc_single_image image=&#8221;9306&#8243; img_size=&#8221;full&#8221;][\/vc_column_inner][vc_column_inner width=&#8221;1\/2&#8243; css=&#8221;.vc_custom_1522244799532{padding-right: 15px !important;padding-left: 80px !important;}&#8221; [&hellip;]<\/p>\n","protected":false},"author":96739692,"featured_media":0,"parent":0,"menu_order":0,"comment_status":"closed","ping_status":"closed","template":"","meta":{"rs_blank_template":"","rs_page_bg_color":"","slide_template_v7":"","footnotes":""},"class_list":["post-9097","page","type-page","status-publish","hentry"],"yoast_head":"<!-- This site is optimized with the Yoast SEO Premium plugin v22.3 (Yoast SEO v27.5) - https:\/\/yoast.com\/product\/yoast-seo-premium-wordpress\/ -->\n<title>CABA - Casa Ignacio Librer\u00eda Comercial<\/title>\n<meta name=\"description\" content=\"%\" \/>\n<meta name=\"robots\" content=\"index, follow, max-snippet:-1, max-image-preview:large, max-video-preview:-1\" \/>\n<link rel=\"canonical\" href=\"https:\/\/www.casaignacio.com.ar\/site\/caba\/\" \/>\n<meta property=\"og:locale\" content=\"es_ES\" \/>\n<meta property=\"og:type\" content=\"article\" \/>\n<meta property=\"og:title\" content=\"CABA\" \/>\n<meta property=\"og:description\" content=\"%\" \/>\n<meta property=\"og:url\" content=\"https:\/\/www.casaignacio.com.ar\/site\/caba\/\" \/>\n<meta property=\"og:site_name\" content=\"Casa Ignacio Librer\u00eda Comercial\" \/>\n<meta property=\"article:publisher\" content=\"https:\/\/www.facebook.com\/casaignacio\" \/>\n<meta property=\"article:modified_time\" content=\"2023-09-14T14:52:26+00:00\" \/>\n<meta property=\"og:image\" content=\"https:\/\/www.casaignacio.com.ar\/site\/wp-content\/uploads\/2023\/11\/copiado-lideres_header_blog.jpg\" \/>\n\t<meta property=\"og:image:width\" content=\"1024\" \/>\n\t<meta property=\"og:image:height\" content=\"576\" \/>\n\t<meta property=\"og:image:type\" content=\"image\/jpeg\" \/>\n<meta name=\"twitter:card\" content=\"summary_large_image\" \/>\n<meta name=\"twitter:label1\" content=\"Tiempo de lectura\" \/>\n\t<meta name=\"twitter:data1\" content=\"2 minutos\" \/>\n<script type=\"application\/ld+json\" class=\"yoast-schema-graph\">{\"@context\":\"https:\\\/\\\/schema.org\",\"@graph\":[{\"@type\":\"WebPage\",\"@id\":\"https:\\\/\\\/www.casaignacio.com.ar\\\/site\\\/caba\\\/\",\"url\":\"https:\\\/\\\/www.casaignacio.com.ar\\\/site\\\/caba\\\/\",\"name\":\"CABA - Casa Ignacio Librer\u00eda Comercial\",\"isPartOf\":{\"@id\":\"https:\\\/\\\/www.casaignacio.com.ar\\\/site\\\/#website\"},\"datePublished\":\"2023-09-04T16:45:37+00:00\",\"dateModified\":\"2023-09-14T14:52:26+00:00\",\"description\":\"%\",\"breadcrumb\":{\"@id\":\"https:\\\/\\\/www.casaignacio.com.ar\\\/site\\\/caba\\\/#breadcrumb\"},\"inLanguage\":\"es\",\"potentialAction\":[{\"@type\":\"ReadAction\",\"target\":[\"https:\\\/\\\/www.casaignacio.com.ar\\\/site\\\/caba\\\/\"]}]},{\"@type\":\"BreadcrumbList\",\"@id\":\"https:\\\/\\\/www.casaignacio.com.ar\\\/site\\\/caba\\\/#breadcrumb\",\"itemListElement\":[{\"@type\":\"ListItem\",\"position\":1,\"name\":\"Inicio\",\"item\":\"https:\\\/\\\/www.casaignacio.com.ar\\\/site\\\/\"},{\"@type\":\"ListItem\",\"position\":2,\"name\":\"CABA\"}]},{\"@type\":\"WebSite\",\"@id\":\"https:\\\/\\\/www.casaignacio.com.ar\\\/site\\\/#website\",\"url\":\"https:\\\/\\\/www.casaignacio.com.ar\\\/site\\\/\",\"name\":\"Casa Ignacio - Librer\u00eda Comercial\",\"description\":\"Copiado de libros contables - R\u00fabricas - Sociedades - Seguros - Sistema de Gesti\u00f3n ERP - Liber\u00eda Comercial\",\"publisher\":{\"@id\":\"https:\\\/\\\/www.casaignacio.com.ar\\\/site\\\/#organization\"},\"alternateName\":\"Casa Ignacio\",\"potentialAction\":[{\"@type\":\"SearchAction\",\"target\":{\"@type\":\"EntryPoint\",\"urlTemplate\":\"https:\\\/\\\/www.casaignacio.com.ar\\\/site\\\/?s={search_term_string}\"},\"query-input\":{\"@type\":\"PropertyValueSpecification\",\"valueRequired\":true,\"valueName\":\"search_term_string\"}}],\"inLanguage\":\"es\"},{\"@type\":[\"Organization\",\"Place\"],\"@id\":\"https:\\\/\\\/www.casaignacio.com.ar\\\/site\\\/#organization\",\"name\":\"Casa Ignacio - Librer\u00eda Comercial\",\"alternateName\":\"Casa Ignacio S.A.\",\"url\":\"https:\\\/\\\/www.casaignacio.com.ar\\\/site\\\/\",\"logo\":{\"@id\":\"https:\\\/\\\/www.casaignacio.com.ar\\\/site\\\/caba\\\/#local-main-organization-logo\"},\"image\":{\"@id\":\"https:\\\/\\\/www.casaignacio.com.ar\\\/site\\\/caba\\\/#local-main-organization-logo\"},\"sameAs\":[\"https:\\\/\\\/www.facebook.com\\\/casaignacio\",\"https:\\\/\\\/www.instagram.com\\\/casa.ignacio\",\"https:\\\/\\\/www.linkedin.com\\\/company\\\/casa-ignacio\"],\"description\":\"Brindamos soluciones en copiado de libros contables, r\u00fabricas de libros, constituci\u00f3n de sociedades,copiado directo y software de gesti\u00f3n ERP\",\"legalName\":\"Casa Ignacio S.A.\",\"foundingDate\":\"1975-08-13\",\"numberOfEmployees\":{\"@type\":\"QuantitativeValue\",\"minValue\":\"11\",\"maxValue\":\"50\"},\"publishingPrinciples\":\"https:\\\/\\\/www.casaignacio.com.ar\\\/site\\\/terminos-y-condiciones\\\/\",\"actionableFeedbackPolicy\":\"https:\\\/\\\/www.casaignacio.com.ar\\\/site\\\/terminos-y-condiciones\\\/\",\"diversityStaffingReport\":\"https:\\\/\\\/www.casaignacio.com.ar\\\/site\\\/politica-privacidad\\\/\",\"telephone\":[],\"openingHoursSpecification\":[{\"@type\":\"OpeningHoursSpecification\",\"dayOfWeek\":[\"Monday\",\"Tuesday\",\"Wednesday\",\"Thursday\",\"Friday\",\"Saturday\",\"Sunday\"],\"opens\":\"09:00\",\"closes\":\"17:00\"}]},{\"@type\":\"ImageObject\",\"inLanguage\":\"es\",\"@id\":\"https:\\\/\\\/www.casaignacio.com.ar\\\/site\\\/caba\\\/#local-main-organization-logo\",\"url\":\"https:\\\/\\\/www.casaignacio.com.ar\\\/site\\\/wp-content\\\/uploads\\\/2022\\\/06\\\/logo_casaigncio_300x300.png\",\"contentUrl\":\"https:\\\/\\\/www.casaignacio.com.ar\\\/site\\\/wp-content\\\/uploads\\\/2022\\\/06\\\/logo_casaigncio_300x300.png\",\"width\":300,\"height\":300,\"caption\":\"Casa Ignacio - Librer\u00eda Comercial\"}]}<\/script>\n<!-- \/ Yoast SEO Premium plugin. -->","yoast_head_json":{"title":"CABA - Casa Ignacio Librer\u00eda Comercial","description":"%","robots":{"index":"index","follow":"follow","max-snippet":"max-snippet:-1","max-image-preview":"max-image-preview:large","max-video-preview":"max-video-preview:-1"},"canonical":"https:\/\/www.casaignacio.com.ar\/site\/caba\/","og_locale":"es_ES","og_type":"article","og_title":"CABA","og_description":"%","og_url":"https:\/\/www.casaignacio.com.ar\/site\/caba\/","og_site_name":"Casa Ignacio Librer\u00eda Comercial","article_publisher":"https:\/\/www.facebook.com\/casaignacio","article_modified_time":"2023-09-14T14:52:26+00:00","og_image":[{"width":1024,"height":576,"url":"https:\/\/www.casaignacio.com.ar\/site\/wp-content\/uploads\/2023\/11\/copiado-lideres_header_blog.jpg","type":"image\/jpeg"}],"twitter_card":"summary_large_image","twitter_misc":{"Tiempo de lectura":"2 minutos"},"schema":{"@context":"https:\/\/schema.org","@graph":[{"@type":"WebPage","@id":"https:\/\/www.casaignacio.com.ar\/site\/caba\/","url":"https:\/\/www.casaignacio.com.ar\/site\/caba\/","name":"CABA - Casa Ignacio Librer\u00eda Comercial","isPartOf":{"@id":"https:\/\/www.casaignacio.com.ar\/site\/#website"},"datePublished":"2023-09-04T16:45:37+00:00","dateModified":"2023-09-14T14:52:26+00:00","description":"%","breadcrumb":{"@id":"https:\/\/www.casaignacio.com.ar\/site\/caba\/#breadcrumb"},"inLanguage":"es","potentialAction":[{"@type":"ReadAction","target":["https:\/\/www.casaignacio.com.ar\/site\/caba\/"]}]},{"@type":"BreadcrumbList","@id":"https:\/\/www.casaignacio.com.ar\/site\/caba\/#breadcrumb","itemListElement":[{"@type":"ListItem","position":1,"name":"Inicio","item":"https:\/\/www.casaignacio.com.ar\/site\/"},{"@type":"ListItem","position":2,"name":"CABA"}]},{"@type":"WebSite","@id":"https:\/\/www.casaignacio.com.ar\/site\/#website","url":"https:\/\/www.casaignacio.com.ar\/site\/","name":"Casa Ignacio - Librer\u00eda Comercial","description":"Copiado de libros contables - R\u00fabricas - Sociedades - Seguros - Sistema de Gesti\u00f3n ERP - Liber\u00eda Comercial","publisher":{"@id":"https:\/\/www.casaignacio.com.ar\/site\/#organization"},"alternateName":"Casa Ignacio","potentialAction":[{"@type":"SearchAction","target":{"@type":"EntryPoint","urlTemplate":"https:\/\/www.casaignacio.com.ar\/site\/?s={search_term_string}"},"query-input":{"@type":"PropertyValueSpecification","valueRequired":true,"valueName":"search_term_string"}}],"inLanguage":"es"},{"@type":["Organization","Place"],"@id":"https:\/\/www.casaignacio.com.ar\/site\/#organization","name":"Casa Ignacio - Librer\u00eda Comercial","alternateName":"Casa Ignacio S.A.","url":"https:\/\/www.casaignacio.com.ar\/site\/","logo":{"@id":"https:\/\/www.casaignacio.com.ar\/site\/caba\/#local-main-organization-logo"},"image":{"@id":"https:\/\/www.casaignacio.com.ar\/site\/caba\/#local-main-organization-logo"},"sameAs":["https:\/\/www.facebook.com\/casaignacio","https:\/\/www.instagram.com\/casa.ignacio","https:\/\/www.linkedin.com\/company\/casa-ignacio"],"description":"Brindamos soluciones en copiado de libros contables, r\u00fabricas de libros, constituci\u00f3n de sociedades,copiado directo y software de gesti\u00f3n ERP","legalName":"Casa Ignacio S.A.","foundingDate":"1975-08-13","numberOfEmployees":{"@type":"QuantitativeValue","minValue":"11","maxValue":"50"},"publishingPrinciples":"https:\/\/www.casaignacio.com.ar\/site\/terminos-y-condiciones\/","actionableFeedbackPolicy":"https:\/\/www.casaignacio.com.ar\/site\/terminos-y-condiciones\/","diversityStaffingReport":"https:\/\/www.casaignacio.com.ar\/site\/politica-privacidad\/","telephone":[],"openingHoursSpecification":[{"@type":"OpeningHoursSpecification","dayOfWeek":["Monday","Tuesday","Wednesday","Thursday","Friday","Saturday","Sunday"],"opens":"09:00","closes":"17:00"}]},{"@type":"ImageObject","inLanguage":"es","@id":"https:\/\/www.casaignacio.com.ar\/site\/caba\/#local-main-organization-logo","url":"https:\/\/www.casaignacio.com.ar\/site\/wp-content\/uploads\/2022\/06\/logo_casaigncio_300x300.png","contentUrl":"https:\/\/www.casaignacio.com.ar\/site\/wp-content\/uploads\/2022\/06\/logo_casaigncio_300x300.png","width":300,"height":300,"caption":"Casa Ignacio - Librer\u00eda Comercial"}]}},"_links":{"self":[{"href":"https:\/\/www.casaignacio.com.ar\/site\/wp-json\/wp\/v2\/pages\/9097","targetHints":{"allow":["GET"]}}],"collection":[{"href":"https:\/\/www.casaignacio.com.ar\/site\/wp-json\/wp\/v2\/pages"}],"about":[{"href":"https:\/\/www.casaignacio.com.ar\/site\/wp-json\/wp\/v2\/types\/page"}],"author":[{"embeddable":true,"href":"https:\/\/www.casaignacio.com.ar\/site\/wp-json\/wp\/v2\/users\/96739692"}],"replies":[{"embeddable":true,"href":"https:\/\/www.casaignacio.com.ar\/site\/wp-json\/wp\/v2\/comments?post=9097"}],"version-history":[{"count":19,"href":"https:\/\/www.casaignacio.com.ar\/site\/wp-json\/wp\/v2\/pages\/9097\/revisions"}],"predecessor-version":[{"id":9373,"href":"https:\/\/www.casaignacio.com.ar\/site\/wp-json\/wp\/v2\/pages\/9097\/revisions\/9373"}],"wp:attachment":[{"href":"https:\/\/www.casaignacio.com.ar\/site\/wp-json\/wp\/v2\/media?parent=9097"}],"curies":[{"name":"wp","href":"https:\/\/api.w.org\/{rel}","templated":true}]}}