{"id":8340,"date":"2022-10-25T17:20:00","date_gmt":"2022-10-25T20:20:00","guid":{"rendered":"https:\/\/www.casaignacio.com.ar\/site\/?page_id=8340"},"modified":"2024-11-15T14:36:28","modified_gmt":"2024-11-15T17:36:28","slug":"seguro-empresas-con-50-de-descuento-en-libros","status":"publish","type":"page","link":"https:\/\/www.casaignacio.com.ar\/site\/landing\/seguro-empresas-con-50-de-descuento-en-libros\/","title":{"rendered":"Seguro Empresas con descuento en libros anuales"},"content":{"rendered":"<div class=\"wpb-content-wrapper\"><p>[vc_row full_width=&#8221;stretch_row_content&#8221; content_placement=&#8221;middle&#8221; css=&#8221;.vc_custom_1698087975234{margin-top: 40px !important;margin-bottom: 40px !important;padding-top: 20px !important;padding-bottom: 20px !important;background-color: #72cbd8 !important;}&#8221;][vc_column][vc_single_image image=&#8221;9412&#8243; img_size=&#8221;545&#215;400&#8243; alignment=&#8221;center&#8221; onclick=&#8221;custom_link&#8221; css_animation=&#8221;bounceInUp&#8221; link=&#8221;#condiciones&#8221;][\/vc_column][\/vc_row][vc_row content_placement=&#8221;middle&#8221; el_id=&#8221;condiciones&#8221;][vc_column][vc_column_text]<\/p>\n<h6 style=\"text-align: center; font-size: 10px; font-color: black;\">(*)Condiciones de la promoci\u00f3n: Descuento v\u00e1lido para operaciones previa aprobaci\u00f3n. No acumulable con otros descuentos y\/o promociones.<\/h6>\n<p>[\/vc_column_text][\/vc_column][\/vc_row][vc_row full_width=&#8221;stretch_row&#8221; el_id=&#8221;formulario&#8221;][vc_column css=&#8221;.vc_custom_1516095225433{padding-right: 0px !important;padding-left: 0px !important;}&#8221;][vc_row_inner css=&#8221;.vc_custom_1515166371656{padding-top: 100px !important;padding-bottom: 100px !important;}&#8221;][vc_column_inner width=&#8221;1\/2&#8243; css=&#8221;.vc_custom_1654533707319{padding-top: 20px !important;}&#8221;]<header class=\"kd-section-title col-lg-12 text-left solid-line sep-border-width-2    \" ><h2 class=\"separator_on\" >Cotiz\u00e1 o solicit\u00e1 m\u00e1s informaci\u00f3n de tu Seguro Empresa o Pyme para participar del descuento<\/h2><div class=\"kd-separator below_title\" ><div class=\"kd-separator-line\" ><\/div><\/div><h6 class=\"subtitle \" ><strong>Casa Ignacio Seguros<\/strong> es una empresa de asesoramiento integral de seguros dedicada a minimizar riesgos, proteger el capital humano, tu propiedad y patrimonio.<\/p>\n<p>El primer paso para poder participar del beneficio es completar el formulario para hacerte llegar informaci\u00f3n precisa seg\u00fan tus necesidades, expectativas y la configuraci\u00f3n de tu emprendimiento.<\/h6><\/header>[vc_empty_space height=&#8221;50px&#8221;][vc_single_image image=&#8221;7137&#8243; img_size=&#8221;full&#8221; alignment=&#8221;center&#8221; css_animation=&#8221;bounceInLeft&#8221;][\/vc_column_inner][vc_column_inner width=&#8221;1\/6&#8243;][\/vc_column_inner][vc_column_inner width=&#8221;1\/3&#8243;][vc_column_text css=&#8221;.vc_custom_1655044476886{margin-bottom: 0px !important;padding-top: 10px !important;padding-right: 10px !important;padding-bottom: 10px !important;padding-left: 10px !important;background-color: #ff1053 !important;}&#8221;]<\/p>\n<p class=\"titulito\">Complet\u00e1 ahora<\/p>\n<p>[\/vc_column_text][vc_icon icon_fontawesome=&#8221;fas fa-angle-down&#8221; color=&#8221;custom&#8221; size=&#8221;sm&#8221; align=&#8221;center&#8221; custom_color=&#8221;#ff1053&#8243; css=&#8221;.vc_custom_1654562104570{margin-top: -10px !important;margin-bottom: -10px !important;}&#8221;][vc_empty_space height=&#8221;1px&#8221;]<div class=\"wpforms-container wpforms-container-full wpforms-form-abandonment\" id=\"wpforms-8366\"><form id=\"wpforms-form-8366\" class=\"wpforms-validate wpforms-form wpforms-ajax-form\" data-formid=\"8366\" method=\"post\" enctype=\"multipart\/form-data\" action=\"\/site\/wp-json\/wp\/v2\/pages\/8340\" data-token=\"f535c10f93d7e489314134a90a31669a\"><noscript class=\"wpforms-error-noscript\">Por favor, activa JavaScript en tu navegador para completar este formulario.<\/noscript><div class=\"wpforms-field-container\"><div id=\"wpforms-8366-field_20-container\" class=\"wpforms-field wpforms-field-hidden\" data-field-id=\"20\"><input type=\"hidden\" id=\"wpforms-8366-field_20\" name=\"wpforms[fields][20]\" value=\"https:\/\/www.casaignacio.com.ar\/site\/site\/wp-json\/wp\/v2\/pages\/8340\"><\/div><div id=\"wpforms-8366-field_2-container\" class=\"wpforms-field wpforms-field-text\" data-field-id=\"2\"><label class=\"wpforms-field-label wpforms-label-hide\" for=\"wpforms-8366-field_2\">Nombre <span class=\"wpforms-required-label\">*<\/span><\/label><input type=\"text\" id=\"wpforms-8366-field_2\" class=\"wpforms-field-large wpforms-field-required\" name=\"wpforms[fields][2]\" placeholder=\"Tu nombre\" required><\/div><div id=\"wpforms-8366-field_10-container\" class=\"wpforms-field wpforms-field-email\" data-field-id=\"10\"><label class=\"wpforms-field-label wpforms-label-hide\" for=\"wpforms-8366-field_10\">E-mail <span class=\"wpforms-required-label\">*<\/span><\/label><input type=\"email\" id=\"wpforms-8366-field_10\" class=\"wpforms-field-large wpforms-field-required\" name=\"wpforms[fields][10]\" placeholder=\"Tu e-mail\" required><\/div><div id=\"wpforms-8366-field_13-container\" class=\"wpforms-field wpforms-field-text\" data-field-id=\"13\"><label class=\"wpforms-field-label wpforms-label-hide\" for=\"wpforms-8366-field_13\">Empresa <span class=\"wpforms-required-label\">*<\/span><\/label><input type=\"text\" id=\"wpforms-8366-field_13\" class=\"wpforms-field-large wpforms-field-required\" name=\"wpforms[fields][13]\" placeholder=\"Tu empresa\" required><\/div><div id=\"wpforms-8366-field_11-container\" class=\"wpforms-field wpforms-field-text\" data-field-id=\"11\"><label class=\"wpforms-field-label wpforms-label-hide\" for=\"wpforms-8366-field_11\">CUIT <span class=\"wpforms-required-label\">*<\/span><\/label><input type=\"text\" id=\"wpforms-8366-field_11\" class=\"wpforms-field-large wpforms-field-required wpforms-masked-input\" data-inputmask-mask=\"9{2}-9{8}-9{1}\" data-rule-empty-blanks=\"1\" name=\"wpforms[fields][11]\" placeholder=\"El CUIT de tu empresa\" required><\/div><div id=\"wpforms-8366-field_27-container\" class=\"wpforms-field wpforms-field-text\" data-field-id=\"27\"><label class=\"wpforms-field-label wpforms-label-hide\" for=\"wpforms-8366-field_27\">Tu celular o tel\u00e9fono (copia) <span class=\"wpforms-required-label\">*<\/span><\/label><input type=\"text\" id=\"wpforms-8366-field_27\" class=\"wpforms-field-large wpforms-field-required wpforms-masked-input\" data-inputmask-mask=\"([9{3}]) [9{4}] - [9{4}]\" data-rule-empty-blanks=\"1\" name=\"wpforms[fields][27]\" placeholder=\"Celular o tel\u00e9fono\" required><\/div><div id=\"wpforms-8366-field_21-container\" class=\"wpforms-field wpforms-field-checkbox wpforms-conditional-trigger\" data-field-id=\"21\"><label class=\"wpforms-field-label\" for=\"wpforms-8366-field_21\">Te gustar\u00eda recibir informaci\u00f3n\/cotizaci\u00f3n de: <span class=\"wpforms-required-label\">*<\/span><\/label><ul id=\"wpforms-8366-field_21\" class=\"wpforms-field-required\"><li class=\"choice-1 depth-1\"><input type=\"checkbox\" id=\"wpforms-8366-field_21_1\" name=\"wpforms[fields][21][]\" value=\"Seguro Integral Comercio\" required ><label class=\"wpforms-field-label-inline\" for=\"wpforms-8366-field_21_1\">Seguro Integral Comercio<\/label><\/li><li class=\"choice-5 depth-1\"><input type=\"checkbox\" id=\"wpforms-8366-field_21_5\" name=\"wpforms[fields][21][]\" value=\"Seguro Integral Consorcio\" required ><label class=\"wpforms-field-label-inline\" for=\"wpforms-8366-field_21_5\">Seguro Integral Consorcio<\/label><\/li><li class=\"choice-2 depth-1\"><input type=\"checkbox\" id=\"wpforms-8366-field_21_2\" name=\"wpforms[fields][21][]\" value=\"Responsabilidad Civil\" required ><label class=\"wpforms-field-label-inline\" for=\"wpforms-8366-field_21_2\">Responsabilidad Civil<\/label><\/li><li class=\"choice-16 depth-1\"><input type=\"checkbox\" id=\"wpforms-8366-field_21_16\" name=\"wpforms[fields][21][]\" value=\"ART\" required ><label class=\"wpforms-field-label-inline\" for=\"wpforms-8366-field_21_16\">ART<\/label><\/li><li class=\"choice-3 depth-1\"><input type=\"checkbox\" id=\"wpforms-8366-field_21_3\" name=\"wpforms[fields][21][]\" value=\"Transporte\" required ><label class=\"wpforms-field-label-inline\" for=\"wpforms-8366-field_21_3\">Transporte<\/label><\/li><li class=\"choice-4 depth-1\"><input type=\"checkbox\" id=\"wpforms-8366-field_21_4\" name=\"wpforms[fields][21][]\" value=\"Todo Riesgo Operativo\" required ><label class=\"wpforms-field-label-inline\" for=\"wpforms-8366-field_21_4\">Todo Riesgo Operativo<\/label><\/li><li class=\"choice-12 depth-1\"><input type=\"checkbox\" id=\"wpforms-8366-field_21_12\" name=\"wpforms[fields][21][]\" value=\"Seguro T\u00e9cnico\" required ><label class=\"wpforms-field-label-inline\" for=\"wpforms-8366-field_21_12\">Seguro T\u00e9cnico<\/label><\/li><li class=\"choice-14 depth-1\"><input type=\"checkbox\" id=\"wpforms-8366-field_21_14\" name=\"wpforms[fields][21][]\" value=\"Cauciones\" required ><label class=\"wpforms-field-label-inline\" for=\"wpforms-8366-field_21_14\">Cauciones<\/label><\/li><li class=\"choice-15 depth-1\"><input type=\"checkbox\" id=\"wpforms-8366-field_21_15\" name=\"wpforms[fields][21][]\" value=\"Automotor\" required ><label class=\"wpforms-field-label-inline\" for=\"wpforms-8366-field_21_15\">Automotor<\/label><\/li><li class=\"choice-17 depth-1\"><input type=\"checkbox\" id=\"wpforms-8366-field_21_17\" name=\"wpforms[fields][21][]\" value=\"Seguro Agro\" required ><label class=\"wpforms-field-label-inline\" for=\"wpforms-8366-field_21_17\">Seguro Agro<\/label><\/li><li class=\"choice-11 depth-1\"><input type=\"checkbox\" id=\"wpforms-8366-field_21_11\" name=\"wpforms[fields][21][]\" value=\"Otros\" required ><label class=\"wpforms-field-label-inline\" for=\"wpforms-8366-field_21_11\">Otros<\/label><\/li><\/ul><\/div><div id=\"wpforms-8366-field_18-container\" class=\"wpforms-field wpforms-field-text wpforms-conditional-field wpforms-conditional-show\" data-field-id=\"18\" style=\"display:none;\"><label class=\"wpforms-field-label\" for=\"wpforms-8366-field_18\">\u00bfCu\u00e1l\/es otro\/s?<\/label><input type=\"text\" id=\"wpforms-8366-field_18\" class=\"wpforms-field-large\" name=\"wpforms[fields][18]\" ><\/div><\/div><div class=\"wpforms-submit-container\"><input type=\"hidden\" name=\"wpforms[id]\" value=\"8366\"><input type=\"hidden\" name=\"wpforms[author]\" value=\"1\"><button type=\"submit\" name=\"wpforms[submit]\" id=\"wpforms-submit-8366\" class=\"wpforms-submit\" data-alt-text=\"Enviando...\" data-submit-text=\"Enviar\" aria-live=\"assertive\" value=\"wpforms-submit\">Enviar<\/button><img loading=\"lazy\" decoding=\"async\" src=\"https:\/\/www.casaignacio.com.ar\/site\/wp-content\/plugins\/wpforms\/assets\/images\/submit-spin.svg\" class=\"wpforms-submit-spinner\" style=\"display: none;\" width=\"26\" height=\"26\" alt=\"\"><\/div><\/form><\/div>  <!-- .wpforms-container -->[\/vc_column_inner][\/vc_row_inner][\/vc_column][\/vc_row]<\/p>\n<\/div>","protected":false},"excerpt":{"rendered":"<p>[vc_row full_width=&#8221;stretch_row_content&#8221; content_placement=&#8221;middle&#8221; css=&#8221;.vc_custom_1698087975234{margin-top: 40px !important;margin-bottom: 40px !important;padding-top: 20px !important;padding-bottom: 20px !important;background-color: #72cbd8 !important;}&#8221;][vc_column][vc_single_image image=&#8221;9412&#8243; img_size=&#8221;545&#215;400&#8243; alignment=&#8221;center&#8221; onclick=&#8221;custom_link&#8221; css_animation=&#8221;bounceInUp&#8221; link=&#8221;#condiciones&#8221;][\/vc_column][\/vc_row][vc_row content_placement=&#8221;middle&#8221; el_id=&#8221;condiciones&#8221;][vc_column][vc_column_text] (*)Condiciones de la promoci\u00f3n: Descuento [&hellip;]<\/p>\n","protected":false},"author":1,"featured_media":0,"parent":6991,"menu_order":0,"comment_status":"closed","ping_status":"closed","template":"","meta":{"rs_blank_template":"","rs_page_bg_color":"","slide_template_v7":"","footnotes":""},"class_list":["post-8340","page","type-page","status-publish","hentry"],"yoast_head":"<!-- This site is optimized with the Yoast SEO Premium plugin v22.3 (Yoast SEO v27.5) - https:\/\/yoast.com\/product\/yoast-seo-premium-wordpress\/ -->\n<title>Seguro Empresas con descuento en libros anuales - Casa Ignacio Librer\u00eda Comercial<\/title>\n<meta name=\"description\" content=\"%\" \/>\n<meta name=\"robots\" content=\"index, follow, max-snippet:-1, max-image-preview:large, max-video-preview:-1\" \/>\n<link rel=\"canonical\" href=\"https:\/\/www.casaignacio.com.ar\/site\/landing\/seguro-empresas-con-50-de-descuento-en-libros\/\" \/>\n<meta property=\"og:locale\" content=\"es_ES\" \/>\n<meta property=\"og:type\" content=\"article\" \/>\n<meta property=\"og:title\" content=\"Seguro Empresas con descuento en libros anuales\" \/>\n<meta property=\"og:description\" content=\"%\" \/>\n<meta property=\"og:url\" content=\"https:\/\/www.casaignacio.com.ar\/site\/landing\/seguro-empresas-con-50-de-descuento-en-libros\/\" \/>\n<meta property=\"og:site_name\" content=\"Casa Ignacio Librer\u00eda Comercial\" \/>\n<meta property=\"article:publisher\" content=\"https:\/\/www.facebook.com\/casaignacio\" \/>\n<meta property=\"article:modified_time\" content=\"2024-11-15T17:36:28+00:00\" \/>\n<meta property=\"og:image\" content=\"https:\/\/www.casaignacio.com.ar\/site\/wp-content\/uploads\/2023\/11\/copiado-lideres_header_blog.jpg\" \/>\n\t<meta property=\"og:image:width\" content=\"1024\" \/>\n\t<meta property=\"og:image:height\" content=\"576\" \/>\n\t<meta property=\"og:image:type\" content=\"image\/jpeg\" \/>\n<meta name=\"twitter:card\" content=\"summary_large_image\" \/>\n<meta name=\"twitter:label1\" content=\"Tiempo de lectura\" \/>\n\t<meta name=\"twitter:data1\" content=\"1 minuto\" \/>\n<script type=\"application\/ld+json\" class=\"yoast-schema-graph\">{\"@context\":\"https:\\\/\\\/schema.org\",\"@graph\":[{\"@type\":\"WebPage\",\"@id\":\"https:\\\/\\\/www.casaignacio.com.ar\\\/site\\\/landing\\\/seguro-empresas-con-50-de-descuento-en-libros\\\/\",\"url\":\"https:\\\/\\\/www.casaignacio.com.ar\\\/site\\\/landing\\\/seguro-empresas-con-50-de-descuento-en-libros\\\/\",\"name\":\"Seguro Empresas con descuento en libros anuales - Casa Ignacio Librer\u00eda Comercial\",\"isPartOf\":{\"@id\":\"https:\\\/\\\/www.casaignacio.com.ar\\\/site\\\/#website\"},\"datePublished\":\"2022-10-25T20:20:00+00:00\",\"dateModified\":\"2024-11-15T17:36:28+00:00\",\"description\":\"%\",\"breadcrumb\":{\"@id\":\"https:\\\/\\\/www.casaignacio.com.ar\\\/site\\\/landing\\\/seguro-empresas-con-50-de-descuento-en-libros\\\/#breadcrumb\"},\"inLanguage\":\"es\",\"potentialAction\":[{\"@type\":\"ReadAction\",\"target\":[\"https:\\\/\\\/www.casaignacio.com.ar\\\/site\\\/landing\\\/seguro-empresas-con-50-de-descuento-en-libros\\\/\"]}]},{\"@type\":\"BreadcrumbList\",\"@id\":\"https:\\\/\\\/www.casaignacio.com.ar\\\/site\\\/landing\\\/seguro-empresas-con-50-de-descuento-en-libros\\\/#breadcrumb\",\"itemListElement\":[{\"@type\":\"ListItem\",\"position\":1,\"name\":\"Inicio\",\"item\":\"https:\\\/\\\/www.casaignacio.com.ar\\\/site\\\/\"},{\"@type\":\"ListItem\",\"position\":2,\"name\":\"landing\",\"item\":\"https:\\\/\\\/www.casaignacio.com.ar\\\/site\\\/landing\\\/\"},{\"@type\":\"ListItem\",\"position\":3,\"name\":\"Seguro Empresas con descuento en libros anuales\"}]},{\"@type\":\"WebSite\",\"@id\":\"https:\\\/\\\/www.casaignacio.com.ar\\\/site\\\/#website\",\"url\":\"https:\\\/\\\/www.casaignacio.com.ar\\\/site\\\/\",\"name\":\"Casa Ignacio - Librer\u00eda Comercial\",\"description\":\"Copiado de libros contables - R\u00fabricas - Sociedades - Seguros - Sistema de Gesti\u00f3n ERP - Liber\u00eda Comercial\",\"publisher\":{\"@id\":\"https:\\\/\\\/www.casaignacio.com.ar\\\/site\\\/#organization\"},\"alternateName\":\"Casa Ignacio\",\"potentialAction\":[{\"@type\":\"SearchAction\",\"target\":{\"@type\":\"EntryPoint\",\"urlTemplate\":\"https:\\\/\\\/www.casaignacio.com.ar\\\/site\\\/?s={search_term_string}\"},\"query-input\":{\"@type\":\"PropertyValueSpecification\",\"valueRequired\":true,\"valueName\":\"search_term_string\"}}],\"inLanguage\":\"es\"},{\"@type\":[\"Organization\",\"Place\"],\"@id\":\"https:\\\/\\\/www.casaignacio.com.ar\\\/site\\\/#organization\",\"name\":\"Casa Ignacio - Librer\u00eda Comercial\",\"alternateName\":\"Casa Ignacio S.A.\",\"url\":\"https:\\\/\\\/www.casaignacio.com.ar\\\/site\\\/\",\"logo\":{\"@id\":\"https:\\\/\\\/www.casaignacio.com.ar\\\/site\\\/landing\\\/seguro-empresas-con-50-de-descuento-en-libros\\\/#local-main-organization-logo\"},\"image\":{\"@id\":\"https:\\\/\\\/www.casaignacio.com.ar\\\/site\\\/landing\\\/seguro-empresas-con-50-de-descuento-en-libros\\\/#local-main-organization-logo\"},\"sameAs\":[\"https:\\\/\\\/www.facebook.com\\\/casaignacio\",\"https:\\\/\\\/www.instagram.com\\\/casa.ignacio\",\"https:\\\/\\\/www.linkedin.com\\\/company\\\/casa-ignacio\"],\"description\":\"Brindamos soluciones en copiado de libros contables, r\u00fabricas de libros, constituci\u00f3n de sociedades,copiado directo y software de gesti\u00f3n ERP\",\"legalName\":\"Casa Ignacio S.A.\",\"foundingDate\":\"1975-08-13\",\"numberOfEmployees\":{\"@type\":\"QuantitativeValue\",\"minValue\":\"11\",\"maxValue\":\"50\"},\"publishingPrinciples\":\"https:\\\/\\\/www.casaignacio.com.ar\\\/site\\\/terminos-y-condiciones\\\/\",\"actionableFeedbackPolicy\":\"https:\\\/\\\/www.casaignacio.com.ar\\\/site\\\/terminos-y-condiciones\\\/\",\"diversityStaffingReport\":\"https:\\\/\\\/www.casaignacio.com.ar\\\/site\\\/politica-privacidad\\\/\",\"telephone\":[],\"openingHoursSpecification\":[{\"@type\":\"OpeningHoursSpecification\",\"dayOfWeek\":[\"Monday\",\"Tuesday\",\"Wednesday\",\"Thursday\",\"Friday\",\"Saturday\",\"Sunday\"],\"opens\":\"09:00\",\"closes\":\"17:00\"}]},{\"@type\":\"ImageObject\",\"inLanguage\":\"es\",\"@id\":\"https:\\\/\\\/www.casaignacio.com.ar\\\/site\\\/landing\\\/seguro-empresas-con-50-de-descuento-en-libros\\\/#local-main-organization-logo\",\"url\":\"https:\\\/\\\/www.casaignacio.com.ar\\\/site\\\/wp-content\\\/uploads\\\/2022\\\/06\\\/logo_casaigncio_300x300.png\",\"contentUrl\":\"https:\\\/\\\/www.casaignacio.com.ar\\\/site\\\/wp-content\\\/uploads\\\/2022\\\/06\\\/logo_casaigncio_300x300.png\",\"width\":300,\"height\":300,\"caption\":\"Casa Ignacio - Librer\u00eda Comercial\"}]}<\/script>\n<!-- \/ Yoast SEO Premium plugin. -->","yoast_head_json":{"title":"Seguro Empresas con descuento en libros anuales - Casa Ignacio Librer\u00eda Comercial","description":"%","robots":{"index":"index","follow":"follow","max-snippet":"max-snippet:-1","max-image-preview":"max-image-preview:large","max-video-preview":"max-video-preview:-1"},"canonical":"https:\/\/www.casaignacio.com.ar\/site\/landing\/seguro-empresas-con-50-de-descuento-en-libros\/","og_locale":"es_ES","og_type":"article","og_title":"Seguro Empresas con descuento en libros anuales","og_description":"%","og_url":"https:\/\/www.casaignacio.com.ar\/site\/landing\/seguro-empresas-con-50-de-descuento-en-libros\/","og_site_name":"Casa Ignacio Librer\u00eda Comercial","article_publisher":"https:\/\/www.facebook.com\/casaignacio","article_modified_time":"2024-11-15T17:36:28+00:00","og_image":[{"width":1024,"height":576,"url":"https:\/\/www.casaignacio.com.ar\/site\/wp-content\/uploads\/2023\/11\/copiado-lideres_header_blog.jpg","type":"image\/jpeg"}],"twitter_card":"summary_large_image","twitter_misc":{"Tiempo de lectura":"1 minuto"},"schema":{"@context":"https:\/\/schema.org","@graph":[{"@type":"WebPage","@id":"https:\/\/www.casaignacio.com.ar\/site\/landing\/seguro-empresas-con-50-de-descuento-en-libros\/","url":"https:\/\/www.casaignacio.com.ar\/site\/landing\/seguro-empresas-con-50-de-descuento-en-libros\/","name":"Seguro Empresas con descuento en libros anuales - Casa Ignacio Librer\u00eda Comercial","isPartOf":{"@id":"https:\/\/www.casaignacio.com.ar\/site\/#website"},"datePublished":"2022-10-25T20:20:00+00:00","dateModified":"2024-11-15T17:36:28+00:00","description":"%","breadcrumb":{"@id":"https:\/\/www.casaignacio.com.ar\/site\/landing\/seguro-empresas-con-50-de-descuento-en-libros\/#breadcrumb"},"inLanguage":"es","potentialAction":[{"@type":"ReadAction","target":["https:\/\/www.casaignacio.com.ar\/site\/landing\/seguro-empresas-con-50-de-descuento-en-libros\/"]}]},{"@type":"BreadcrumbList","@id":"https:\/\/www.casaignacio.com.ar\/site\/landing\/seguro-empresas-con-50-de-descuento-en-libros\/#breadcrumb","itemListElement":[{"@type":"ListItem","position":1,"name":"Inicio","item":"https:\/\/www.casaignacio.com.ar\/site\/"},{"@type":"ListItem","position":2,"name":"landing","item":"https:\/\/www.casaignacio.com.ar\/site\/landing\/"},{"@type":"ListItem","position":3,"name":"Seguro Empresas con descuento en libros anuales"}]},{"@type":"WebSite","@id":"https:\/\/www.casaignacio.com.ar\/site\/#website","url":"https:\/\/www.casaignacio.com.ar\/site\/","name":"Casa Ignacio - Librer\u00eda Comercial","description":"Copiado de libros contables - R\u00fabricas - Sociedades - Seguros - Sistema de Gesti\u00f3n ERP - Liber\u00eda Comercial","publisher":{"@id":"https:\/\/www.casaignacio.com.ar\/site\/#organization"},"alternateName":"Casa Ignacio","potentialAction":[{"@type":"SearchAction","target":{"@type":"EntryPoint","urlTemplate":"https:\/\/www.casaignacio.com.ar\/site\/?s={search_term_string}"},"query-input":{"@type":"PropertyValueSpecification","valueRequired":true,"valueName":"search_term_string"}}],"inLanguage":"es"},{"@type":["Organization","Place"],"@id":"https:\/\/www.casaignacio.com.ar\/site\/#organization","name":"Casa Ignacio - Librer\u00eda Comercial","alternateName":"Casa Ignacio S.A.","url":"https:\/\/www.casaignacio.com.ar\/site\/","logo":{"@id":"https:\/\/www.casaignacio.com.ar\/site\/landing\/seguro-empresas-con-50-de-descuento-en-libros\/#local-main-organization-logo"},"image":{"@id":"https:\/\/www.casaignacio.com.ar\/site\/landing\/seguro-empresas-con-50-de-descuento-en-libros\/#local-main-organization-logo"},"sameAs":["https:\/\/www.facebook.com\/casaignacio","https:\/\/www.instagram.com\/casa.ignacio","https:\/\/www.linkedin.com\/company\/casa-ignacio"],"description":"Brindamos soluciones en copiado de libros contables, r\u00fabricas de libros, constituci\u00f3n de sociedades,copiado directo y software de gesti\u00f3n ERP","legalName":"Casa Ignacio S.A.","foundingDate":"1975-08-13","numberOfEmployees":{"@type":"QuantitativeValue","minValue":"11","maxValue":"50"},"publishingPrinciples":"https:\/\/www.casaignacio.com.ar\/site\/terminos-y-condiciones\/","actionableFeedbackPolicy":"https:\/\/www.casaignacio.com.ar\/site\/terminos-y-condiciones\/","diversityStaffingReport":"https:\/\/www.casaignacio.com.ar\/site\/politica-privacidad\/","telephone":[],"openingHoursSpecification":[{"@type":"OpeningHoursSpecification","dayOfWeek":["Monday","Tuesday","Wednesday","Thursday","Friday","Saturday","Sunday"],"opens":"09:00","closes":"17:00"}]},{"@type":"ImageObject","inLanguage":"es","@id":"https:\/\/www.casaignacio.com.ar\/site\/landing\/seguro-empresas-con-50-de-descuento-en-libros\/#local-main-organization-logo","url":"https:\/\/www.casaignacio.com.ar\/site\/wp-content\/uploads\/2022\/06\/logo_casaigncio_300x300.png","contentUrl":"https:\/\/www.casaignacio.com.ar\/site\/wp-content\/uploads\/2022\/06\/logo_casaigncio_300x300.png","width":300,"height":300,"caption":"Casa Ignacio - Librer\u00eda Comercial"}]}},"_links":{"self":[{"href":"https:\/\/www.casaignacio.com.ar\/site\/wp-json\/wp\/v2\/pages\/8340","targetHints":{"allow":["GET"]}}],"collection":[{"href":"https:\/\/www.casaignacio.com.ar\/site\/wp-json\/wp\/v2\/pages"}],"about":[{"href":"https:\/\/www.casaignacio.com.ar\/site\/wp-json\/wp\/v2\/types\/page"}],"author":[{"embeddable":true,"href":"https:\/\/www.casaignacio.com.ar\/site\/wp-json\/wp\/v2\/users\/1"}],"replies":[{"embeddable":true,"href":"https:\/\/www.casaignacio.com.ar\/site\/wp-json\/wp\/v2\/comments?post=8340"}],"version-history":[{"count":25,"href":"https:\/\/www.casaignacio.com.ar\/site\/wp-json\/wp\/v2\/pages\/8340\/revisions"}],"predecessor-version":[{"id":10138,"href":"https:\/\/www.casaignacio.com.ar\/site\/wp-json\/wp\/v2\/pages\/8340\/revisions\/10138"}],"up":[{"embeddable":true,"href":"https:\/\/www.casaignacio.com.ar\/site\/wp-json\/wp\/v2\/pages\/6991"}],"wp:attachment":[{"href":"https:\/\/www.casaignacio.com.ar\/site\/wp-json\/wp\/v2\/media?parent=8340"}],"curies":[{"name":"wp","href":"https:\/\/api.w.org\/{rel}","templated":true}]}}